{"id":14609,"date":"2023-09-25T13:17:26","date_gmt":"2023-09-25T12:17:26","guid":{"rendered":"https:\/\/lamspa.it\/kontakt"},"modified":"2024-11-07T15:09:18","modified_gmt":"2024-11-07T14:09:18","slug":"kontakt","status":"publish","type":"page","link":"https:\/\/lamspa.it\/de\/kontakt\/","title":{"rendered":"Kontakt"},"content":{"rendered":"\t\t<div data-elementor-type=\"wp-page\" data-elementor-id=\"14609\" class=\"elementor elementor-14609 elementor-11459\" data-elementor-post-type=\"page\">\n\t\t\t\t\t\t<section class=\"wd-negative-gap elementor-section elementor-top-section elementor-element elementor-element-d8535d7 wd-section-stretch elementor-section-content-top elementor-section-full_width elementor-section-height-min-height elementor-section-items-top elementor-section-height-default elementor-invisible\" data-id=\"d8535d7\" data-element_type=\"section\" data-e-type=\"section\" data-settings=\"{&quot;background_background&quot;:&quot;classic&quot;,&quot;animation&quot;:&quot;fadeIn&quot;,&quot;animation_delay&quot;:100}\">\n\t\t\t\t\t\t\t<div class=\"elementor-background-overlay\"><\/div>\n\t\t\t\t\t\t\t<div class=\"elementor-container elementor-column-gap-no\">\n\t\t\t\t\t<div class=\"elementor-column elementor-col-100 elementor-top-column elementor-element elementor-element-cb5e07f\" data-id=\"cb5e07f\" data-element_type=\"column\" data-e-type=\"column\" data-settings=\"{&quot;background_background&quot;:&quot;classic&quot;}\">\n\t\t\t<div class=\"elementor-widget-wrap elementor-element-populated\">\n\t\t\t\t\t\t<div class=\"elementor-element elementor-element-3acded1 color-scheme-inherit text-left elementor-widget elementor-widget-text-editor\" data-id=\"3acded1\" data-element_type=\"widget\" data-e-type=\"widget\" data-widget_type=\"text-editor.default\">\n\t\t\t\t<div class=\"elementor-widget-container\">\n\t\t\t\t\t\t\t\t\t<p>Fragen Sie nach Informationen,<br \/><strong>bleiben wir in Kontakt<\/strong><\/p>\t\t\t\t\t\t\t\t<\/div>\n\t\t\t\t<\/div>\n\t\t\t\t<div class=\"elementor-element elementor-element-9297be7 color-scheme-inherit text-left elementor-widget elementor-widget-text-editor\" data-id=\"9297be7\" data-element_type=\"widget\" data-e-type=\"widget\" data-widget_type=\"text-editor.default\">\n\t\t\t\t<div class=\"elementor-widget-container\">\n\t\t\t\t\t\t\t\t\t<p>Wir werden so schnell wie m\u00f6glich antworten<\/p>\t\t\t\t\t\t\t\t<\/div>\n\t\t\t\t<\/div>\n\t\t\t\t\t<\/div>\n\t\t<\/div>\n\t\t\t\t\t<\/div>\n\t\t<\/section>\n\t\t\t\t<section class=\"elementor-section elementor-top-section elementor-element elementor-element-2504499 elementor-section-stretched elementor-section-boxed elementor-section-height-default elementor-section-height-default\" data-id=\"2504499\" data-element_type=\"section\" data-e-type=\"section\" data-settings=\"{&quot;stretch_section&quot;:&quot;section-stretched&quot;}\">\n\t\t\t\t\t\t<div class=\"elementor-container elementor-column-gap-default\">\n\t\t\t\t\t<div class=\"elementor-column elementor-col-50 elementor-top-column elementor-element elementor-element-00b3e8b\" data-id=\"00b3e8b\" data-element_type=\"column\" data-e-type=\"column\">\n\t\t\t<div class=\"elementor-widget-wrap elementor-element-populated\">\n\t\t\t\t\t\t<div class=\"elementor-element elementor-element-09a7b51 color-scheme-inherit text-left elementor-widget elementor-widget-text-editor\" data-id=\"09a7b51\" data-element_type=\"widget\" data-e-type=\"widget\" data-widget_type=\"text-editor.default\">\n\t\t\t\t<div class=\"elementor-widget-container\">\n\t\t\t\t\t\t\t\t\t<p>Kontaktieren Sie uns, wenn Sie Fragen haben oder <strong>Standardprodukte<\/strong> oder eine <strong>kundenspezifische<\/strong> <strong>Produktion<\/strong>\u00a0von\u00a0<strong>Kunststoffkomponenten <\/strong>w\u00fcnschen<strong>.<\/strong><\/p><p>Wir werden uns innerhalb von 24\/48 Stunden bei Ihnen melden.<\/p>\t\t\t\t\t\t\t\t<\/div>\n\t\t\t\t<\/div>\n\t\t\t\t<div class=\"elementor-element elementor-element-6bcde5b elementor-button-align-start elementor-mobile-button-align-start elementor-tablet-button-align-start elementor-widget elementor-widget-form\" data-id=\"6bcde5b\" data-element_type=\"widget\" data-e-type=\"widget\" data-settings=\"{&quot;step_next_label&quot;:&quot;Weiter&quot;,&quot;step_previous_label&quot;:&quot;Vorherige&quot;,&quot;button_width_tablet&quot;:&quot;100&quot;,&quot;button_width_mobile&quot;:&quot;100&quot;,&quot;button_width&quot;:&quot;100&quot;,&quot;step_type&quot;:&quot;number_text&quot;,&quot;step_icon_shape&quot;:&quot;circle&quot;}\" data-widget_type=\"form.default\">\n\t\t\t\t<div class=\"elementor-widget-container\">\n\t\t\t\t\t\t\t<form class=\"elementor-form\" method=\"post\" name=\"Neue Form\" aria-label=\"Neue Form\">\n\t\t\t<input type=\"hidden\" name=\"post_id\" value=\"14609\"\/>\n\t\t\t<input type=\"hidden\" name=\"form_id\" value=\"6bcde5b\"\/>\n\t\t\t<input type=\"hidden\" name=\"referer_title\" value=\"LAM Spa\" \/>\n\n\t\t\t\n\t\t\t<div class=\"elementor-form-fields-wrapper elementor-labels-\">\n\t\t\t\t\t\t\t\t<div class=\"elementor-field-type-text elementor-field-group elementor-column elementor-field-group-email elementor-col-66 elementor-field-required\">\n\t\t\t\t\t\t\t\t\t\t\t\t<label for=\"form-field-email\" class=\"elementor-field-label elementor-screen-only\">\n\t\t\t\t\t\t\t\tVor- und Nachname\t\t\t\t\t\t\t<\/label>\n\t\t\t\t\t\t\t\t\t\t\t\t\t\t<input size=\"1\" type=\"text\" name=\"form_fields[email]\" id=\"form-field-email\" class=\"elementor-field elementor-size-lg  elementor-field-textual\" placeholder=\"NAME und NACHNAME*\" required=\"required\">\n\t\t\t\t\t\t\t\t\t\t\t<\/div>\n\t\t\t\t\t\t\t\t<div class=\"elementor-field-type-text elementor-field-group elementor-column elementor-field-group-field_d4ff876 elementor-col-33\">\n\t\t\t\t\t\t\t\t\t\t\t\t<label for=\"form-field-field_d4ff876\" class=\"elementor-field-label elementor-screen-only\">\n\t\t\t\t\t\t\t\tUnternehmen\t\t\t\t\t\t\t<\/label>\n\t\t\t\t\t\t\t\t\t\t\t\t\t\t<input size=\"1\" type=\"text\" name=\"form_fields[field_d4ff876]\" id=\"form-field-field_d4ff876\" class=\"elementor-field elementor-size-lg  elementor-field-textual\" placeholder=\"UNTERNEHMEN\">\n\t\t\t\t\t\t\t\t\t\t\t<\/div>\n\t\t\t\t\t\t\t\t<div class=\"elementor-field-type-text elementor-field-group elementor-column elementor-field-group-field_71f9423 elementor-col-33\">\n\t\t\t\t\t\t\t\t\t\t\t\t<label for=\"form-field-field_71f9423\" class=\"elementor-field-label elementor-screen-only\">\n\t\t\t\t\t\t\t\tRolle\t\t\t\t\t\t\t<\/label>\n\t\t\t\t\t\t\t\t\t\t\t\t\t\t<input size=\"1\" type=\"text\" name=\"form_fields[field_71f9423]\" id=\"form-field-field_71f9423\" class=\"elementor-field elementor-size-lg  elementor-field-textual\" placeholder=\"ROLLE\">\n\t\t\t\t\t\t\t\t\t\t\t<\/div>\n\t\t\t\t\t\t\t\t<div class=\"elementor-field-type-text elementor-field-group elementor-column elementor-field-group-field_384f07c elementor-col-33\">\n\t\t\t\t\t\t\t\t\t\t\t\t<label for=\"form-field-field_384f07c\" class=\"elementor-field-label elementor-screen-only\">\n\t\t\t\t\t\t\t\tStadt\t\t\t\t\t\t\t<\/label>\n\t\t\t\t\t\t\t\t\t\t\t\t\t\t<input size=\"1\" type=\"text\" name=\"form_fields[field_384f07c]\" id=\"form-field-field_384f07c\" class=\"elementor-field elementor-size-lg  elementor-field-textual\" placeholder=\"STADT\">\n\t\t\t\t\t\t\t\t\t\t\t<\/div>\n\t\t\t\t\t\t\t\t<div class=\"elementor-field-type-text elementor-field-group elementor-column elementor-field-group-field_6b76e98 elementor-col-33 elementor-field-required\">\n\t\t\t\t\t\t\t\t\t\t\t\t<label for=\"form-field-field_6b76e98\" class=\"elementor-field-label elementor-screen-only\">\n\t\t\t\t\t\t\t\tMobil\t\t\t\t\t\t\t<\/label>\n\t\t\t\t\t\t\t\t\t\t\t\t\t\t<input size=\"1\" type=\"text\" name=\"form_fields[field_6b76e98]\" id=\"form-field-field_6b76e98\" class=\"elementor-field elementor-size-lg  elementor-field-textual\" placeholder=\"TELEFON*\" required=\"required\">\n\t\t\t\t\t\t\t\t\t\t\t<\/div>\n\t\t\t\t\t\t\t\t<div class=\"elementor-field-type-email elementor-field-group elementor-column elementor-field-group-field_3845859 elementor-col-100 elementor-field-required\">\n\t\t\t\t\t\t\t\t\t\t\t\t<label for=\"form-field-field_3845859\" class=\"elementor-field-label elementor-screen-only\">\n\t\t\t\t\t\t\t\tE-Mail\t\t\t\t\t\t\t<\/label>\n\t\t\t\t\t\t\t\t\t\t\t\t\t\t<input size=\"1\" type=\"email\" name=\"form_fields[field_3845859]\" id=\"form-field-field_3845859\" class=\"elementor-field elementor-size-lg  elementor-field-textual\" placeholder=\"EMAIL*\" required=\"required\">\n\t\t\t\t\t\t\t\t\t\t\t<\/div>\n\t\t\t\t\t\t\t\t<div class=\"elementor-field-type-textarea elementor-field-group elementor-column elementor-field-group-field_d4863b9 elementor-col-100 elementor-field-required\">\n\t\t\t\t\t\t\t\t\t\t\t\t<label for=\"form-field-field_d4863b9\" class=\"elementor-field-label elementor-screen-only\">\n\t\t\t\t\t\t\t\tNachricht\t\t\t\t\t\t\t<\/label>\n\t\t\t\t\t\t<textarea class=\"elementor-field-textual elementor-field  elementor-size-lg\" name=\"form_fields[field_d4863b9]\" id=\"form-field-field_d4863b9\" rows=\"5\" placeholder=\"Schreiben Sie Ihre Anfragen hier!\" required=\"required\"><\/textarea>\t\t\t\t<\/div>\n\t\t\t\t\t\t\t\t<div class=\"elementor-field-type-acceptance elementor-field-group elementor-column elementor-field-group-field_0a5dfaf elementor-col-100 elementor-md-100 elementor-sm-100 elementor-field-required\">\n\t\t\t\t\t\t\t\t\t\t\t\t<label for=\"form-field-field_0a5dfaf\" class=\"elementor-field-label elementor-screen-only\">\n\t\t\t\t\t\t\t\tDatenschutzbestimmungen\t\t\t\t\t\t\t<\/label>\n\t\t\t\t\t\t\t\t<div class=\"elementor-field-subgroup\">\n\t\t\t<span class=\"elementor-field-option\">\n\t\t\t\t<input type=\"checkbox\" name=\"form_fields[field_0a5dfaf]\" id=\"form-field-field_0a5dfaf\" class=\"elementor-field elementor-size-lg  elementor-acceptance-field\" required=\"required\">\n\t\t\t\t<label for=\"form-field-field_0a5dfaf\">Ich habe die <a href=\"https:\/\/www.iubenda.com\/privacy-policy\/28318115\" target=\"_blank\">Datenschutzbestimmungen<\/a> gelesen und stimme ihnen zu.<\/label>\t\t\t<\/span>\n\t\t<\/div>\n\t\t\t\t\t\t<\/div>\n\t\t\t\t\t\t\t\t<div class=\"elementor-field-type-recaptcha elementor-field-group elementor-column elementor-field-group-field_3c41257 elementor-col-100\">\n\t\t\t\t\t<div class=\"elementor-field\" id=\"form-field-field_3c41257\"><div class=\"elementor-g-recaptcha\" data-sitekey=\"6Lfl2H8oAAAAAGpNn4qd_s_acbeGEds_6jXfD6ln\" data-type=\"v2_checkbox\" data-theme=\"light\" data-size=\"normal\"><\/div><\/div>\t\t\t\t<\/div>\n\t\t\t\t\t\t\t\t<div class=\"elementor-field-group elementor-column elementor-field-type-submit elementor-col-100 e-form__buttons elementor-md-100 elementor-sm-100\">\n\t\t\t\t\t<button class=\"elementor-button elementor-size-lg\" type=\"submit\">\n\t\t\t\t\t\t<span class=\"elementor-button-content-wrapper\">\n\t\t\t\t\t\t\t\t\t\t\t\t\t\t\t\t\t\t\t\t\t\t<span class=\"elementor-button-text\">Nachricht senden<\/span>\n\t\t\t\t\t\t\t\t\t\t\t\t\t<\/span>\n\t\t\t\t\t<\/button>\n\t\t\t\t<\/div>\n\t\t\t<\/div>\n\t\t<\/form>\n\t\t\t\t\t\t<\/div>\n\t\t\t\t<\/div>\n\t\t\t\t\t<\/div>\n\t\t<\/div>\n\t\t\t\t<div class=\"elementor-column elementor-col-50 elementor-top-column elementor-element elementor-element-b07594f\" data-id=\"b07594f\" data-element_type=\"column\" data-e-type=\"column\">\n\t\t\t<div class=\"elementor-widget-wrap elementor-element-populated\">\n\t\t\t\t\t\t<div class=\"elementor-element elementor-element-e6bbb50 elementor-widget elementor-widget-wd_accordion\" data-id=\"e6bbb50\" data-element_type=\"widget\" data-e-type=\"widget\" data-widget_type=\"wd_accordion.default\">\n\t\t\t\t<div class=\"elementor-widget-container\">\n\t\t\t\t\t\n\t\t<div class=\"wd-accordion wd-style-simple wd-titles-left wd-opener-pos-left wd-opener-style-plus\" data-state=\"first\">\n\t\t\t\t\t\t\t\n\t\t\t\t<div class=\"wd-accordion-item\">\n\t\t\t\t\t<div class=\"wd-accordion-title wd-role-btn wd-active\" data-accordion-index=\"0\" tabindex=\"0\">\n\t\t\t\t\t\t<div class=\"wd-accordion-title-text\">\n\t\t\t\t\t\t\t\t\t\t\t\t\t\t<span>\n\t\t\t\t\t\t\t\tHauptsitz\t\t\t\t\t\t\t<\/span>\n\t\t\t\t\t\t<\/div>\n\t\t\t\t\t\t<span class=\"wd-accordion-opener\"><\/span>\n\t\t\t\t\t<\/div>\n\n\t\t\t\t\t<div class=\"wd-accordion-content wd-entry-content wd-active\" data-accordion-index=\"0\">\n\t\t\t\t\t\t\t\t\t\t\t\t\t\n\t\t\t\t\t\t\t<p><strong>LAM S.p.A.<\/strong><br>Via Guido Rossa, 4<br>41057 Spilamberto (MO) Italien<br>Tel. +39 059 784392<br>Fax +39 059 8638048<br><a href=\"mailto:welcome@lamspa.it\">welcome@lamspa.it<\/a><\/p><p><img loading=\"lazy\" decoding=\"async\" class=\"alignnone wp-image-11604 \" src=\"https:\/\/lamspa.it\/wp-content\/uploads\/2023\/09\/icon-map-300x300.png\" alt=\"\" width=\"58\" height=\"58\" srcset=\"https:\/\/lamspa.it\/wp-content\/uploads\/2023\/09\/icon-map-300x300.png 300w, https:\/\/lamspa.it\/wp-content\/uploads\/2023\/09\/icon-map-150x150.png 150w, https:\/\/lamspa.it\/wp-content\/uploads\/2023\/09\/icon-map.png 343w\" sizes=\"auto, (max-width: 58px) 100vw, 58px\" \/><a href=\"https:\/\/www.google.com\/maps\/place\/L.A.M.+spa\/@44.5111724,11.0095826,17z\/data=!3m1!4b1!4m6!3m5!1s0x477fde314ce51cf7:0x93832246ae79ebc7!8m2!3d44.5111686!4d11.0121629!16s%2Fg%2F1tjy0bhn?hl=it&amp;entry=ttu\" target=\"_blank\" rel=\"noopener\">Auf Google Map suchen<\/a><\/p>\n\t\t\t\t\t\t\t\t\t\t\t\t\t\t\t\t\t\t<\/div>\n\t\t\t\t<\/div>\n\t\t\t\t\t\t\t\n\t\t\t\t<div class=\"wd-accordion-item\">\n\t\t\t\t\t<div class=\"wd-accordion-title wd-role-btn\" data-accordion-index=\"1\" tabindex=\"0\">\n\t\t\t\t\t\t<div class=\"wd-accordion-title-text\">\n\t\t\t\t\t\t\t\t\t\t\t\t\t\t<span>\n\t\t\t\t\t\t\t\tDirekte Kontakte\t\t\t\t\t\t\t<\/span>\n\t\t\t\t\t\t<\/div>\n\t\t\t\t\t\t<span class=\"wd-accordion-opener\"><\/span>\n\t\t\t\t\t<\/div>\n\n\t\t\t\t\t<div class=\"wd-accordion-content wd-entry-content\" data-accordion-index=\"1\">\n\t\t\t\t\t\t\t\t\t\t\t\t\t\n\t\t\t\t\t\t\t<p><strong>HANDELSB\u00dcRO<\/strong><br \/><a href=\"mailto:lamia.shihadeh@lamspa.it\">lamia.shihadeh@lamspa.it<\/a><br \/><a href=\"mailto:welcome@lamspa.it\">welcome@lamspa.it<\/a><\/p><p><strong>EINKAUFSABTEILUNG<\/strong><br \/><a href=\"mailto:davide.golinelli@lamspa.it\">davide.golinelli@lamspa.it<\/a><\/p><p><strong>TECHNISCHES B\u00dcRO<\/strong><br \/><a href=\"mailto:federica.venezia@lamspa.it\">federica.venezia@lamspa.it<\/a><\/p><p><strong>QUALIT\u00c4TSB\u00dcRO<\/strong><br \/><a href=\"mailto:quality@lamspa.it\">quality@lamspa.it<\/a><\/p>\n\t\t\t\t\t\t\t\t\t\t\t\t\t\t\t\t\t\t<\/div>\n\t\t\t\t<\/div>\n\t\t\t\t\t<\/div>\n\t\t\t\t\t\t<\/div>\n\t\t\t\t<\/div>\n\t\t\t\t\t<\/div>\n\t\t<\/div>\n\t\t\t\t\t<\/div>\n\t\t<\/section>\n\t\t\t\t<\/div>\n\t\t","protected":false},"excerpt":{"rendered":"<p>Fragen Sie nach Informationen,bleiben wir in Kontakt Wir werden so schnell wie m\u00f6glich antworten Kontaktieren Sie uns, wenn Sie Fragen<\/p>\n","protected":false},"author":19,"featured_media":0,"parent":0,"menu_order":0,"comment_status":"closed","ping_status":"closed","template":"","meta":{"footnotes":""},"class_list":["post-14609","page","type-page","status-publish","hentry"],"yoast_head":"<!-- This site is optimized with the Yoast SEO plugin v27.4 - https:\/\/yoast.com\/product\/yoast-seo-wordpress\/ -->\n<title>LAM Spa | Informationen zur speziellen Produktion<\/title>\n<meta name=\"description\" content=\"Setzen Sie sich mit uns in Verbindung, wenn Sie Fragen haben, Lieferungen w\u00fcnschen oder Informationen \u00fcber die Produktion von Kunststoffteilen w\u00fcnschen.\" \/>\n<meta name=\"robots\" content=\"index, follow, max-snippet:-1, max-image-preview:large, max-video-preview:-1\" \/>\n<link rel=\"canonical\" href=\"https:\/\/lamspa.it\/contatto\/\" \/>\n<meta property=\"og:locale\" content=\"de_DE\" \/>\n<meta property=\"og:type\" content=\"article\" \/>\n<meta property=\"og:title\" content=\"LAM Spa | Informationen zur speziellen Produktion\" \/>\n<meta property=\"og:description\" content=\"Setzen Sie sich mit uns in Verbindung, wenn Sie Fragen haben, Lieferungen w\u00fcnschen oder Informationen \u00fcber die Produktion von Kunststoffteilen w\u00fcnschen.\" \/>\n<meta property=\"og:url\" content=\"https:\/\/lamspa.it\/contatto\/\" \/>\n<meta property=\"og:site_name\" content=\"LAM Spa\" \/>\n<meta property=\"article:publisher\" content=\"https:\/\/www.facebook.com\/wothersrl\" \/>\n<meta property=\"article:modified_time\" content=\"2024-11-07T14:09:18+00:00\" \/>\n<meta property=\"og:image\" content=\"https:\/\/lamspa.it\/wp-content\/uploads\/2023\/09\/icon-map.png\" \/>\n\t<meta property=\"og:image:width\" content=\"343\" \/>\n\t<meta property=\"og:image:height\" content=\"343\" \/>\n\t<meta property=\"og:image:type\" content=\"image\/png\" \/>\n<meta name=\"twitter:card\" content=\"summary_large_image\" \/>\n<meta name=\"twitter:label1\" content=\"Gesch\u00e4tzte Lesezeit\" \/>\n\t<meta name=\"twitter:data1\" content=\"1\u00a0Minute\" \/>\n<script type=\"application\/ld+json\" class=\"yoast-schema-graph\">{\"@context\":\"https:\\\/\\\/schema.org\",\"@graph\":[{\"@type\":\"WebPage\",\"@id\":\"https:\\\/\\\/lamspa.it\\\/contatto\\\/\",\"url\":\"https:\\\/\\\/lamspa.it\\\/contatto\\\/\",\"name\":\"LAM Spa | Informationen zur speziellen Produktion\",\"isPartOf\":{\"@id\":\"https:\\\/\\\/lamspa.it\\\/#website\"},\"primaryImageOfPage\":{\"@id\":\"https:\\\/\\\/lamspa.it\\\/contatto\\\/#primaryimage\"},\"image\":{\"@id\":\"https:\\\/\\\/lamspa.it\\\/contatto\\\/#primaryimage\"},\"thumbnailUrl\":\"https:\\\/\\\/lamspa.it\\\/wp-content\\\/uploads\\\/2023\\\/09\\\/icon-map-300x300.png\",\"datePublished\":\"2023-09-25T12:17:26+00:00\",\"dateModified\":\"2024-11-07T14:09:18+00:00\",\"description\":\"Setzen Sie sich mit uns in Verbindung, wenn Sie Fragen haben, Lieferungen w\u00fcnschen oder Informationen \u00fcber die Produktion von Kunststoffteilen w\u00fcnschen.\",\"breadcrumb\":{\"@id\":\"https:\\\/\\\/lamspa.it\\\/contatto\\\/#breadcrumb\"},\"inLanguage\":\"de\",\"potentialAction\":[{\"@type\":\"ReadAction\",\"target\":[\"https:\\\/\\\/lamspa.it\\\/contatto\\\/\"]}]},{\"@type\":\"ImageObject\",\"inLanguage\":\"de\",\"@id\":\"https:\\\/\\\/lamspa.it\\\/contatto\\\/#primaryimage\",\"url\":\"https:\\\/\\\/lamspa.it\\\/wp-content\\\/uploads\\\/2023\\\/09\\\/icon-map-300x300.png\",\"contentUrl\":\"https:\\\/\\\/lamspa.it\\\/wp-content\\\/uploads\\\/2023\\\/09\\\/icon-map-300x300.png\"},{\"@type\":\"BreadcrumbList\",\"@id\":\"https:\\\/\\\/lamspa.it\\\/contatto\\\/#breadcrumb\",\"itemListElement\":[{\"@type\":\"ListItem\",\"position\":1,\"name\":\"Home\",\"item\":\"https:\\\/\\\/lamspa.it\\\/\"},{\"@type\":\"ListItem\",\"position\":2,\"name\":\"Kontakt\"}]},{\"@type\":\"WebSite\",\"@id\":\"https:\\\/\\\/lamspa.it\\\/#website\",\"url\":\"https:\\\/\\\/lamspa.it\\\/\",\"name\":\"LAM Spa\",\"description\":\"\",\"publisher\":{\"@id\":\"https:\\\/\\\/lamspa.it\\\/#organization\"},\"potentialAction\":[{\"@type\":\"SearchAction\",\"target\":{\"@type\":\"EntryPoint\",\"urlTemplate\":\"https:\\\/\\\/lamspa.it\\\/?s={search_term_string}\"},\"query-input\":{\"@type\":\"PropertyValueSpecification\",\"valueRequired\":true,\"valueName\":\"search_term_string\"}}],\"inLanguage\":\"de\"},{\"@type\":\"Organization\",\"@id\":\"https:\\\/\\\/lamspa.it\\\/#organization\",\"name\":\"Wother\",\"url\":\"https:\\\/\\\/lamspa.it\\\/\",\"logo\":{\"@type\":\"ImageObject\",\"inLanguage\":\"de\",\"@id\":\"https:\\\/\\\/lamspa.it\\\/#\\\/schema\\\/logo\\\/image\\\/\",\"url\":\"https:\\\/\\\/lamspa.it\\\/wp-content\\\/uploads\\\/2021\\\/11\\\/cropped-favicon-1.png\",\"contentUrl\":\"https:\\\/\\\/lamspa.it\\\/wp-content\\\/uploads\\\/2021\\\/11\\\/cropped-favicon-1.png\",\"width\":512,\"height\":512,\"caption\":\"Wother\"},\"image\":{\"@id\":\"https:\\\/\\\/lamspa.it\\\/#\\\/schema\\\/logo\\\/image\\\/\"},\"sameAs\":[\"https:\\\/\\\/www.facebook.com\\\/wothersrl\"]}]}<\/script>\n<!-- \/ Yoast SEO plugin. -->","yoast_head_json":{"title":"LAM Spa | Informationen zur speziellen Produktion","description":"Setzen Sie sich mit uns in Verbindung, wenn Sie Fragen haben, Lieferungen w\u00fcnschen oder Informationen \u00fcber die Produktion von Kunststoffteilen w\u00fcnschen.","robots":{"index":"index","follow":"follow","max-snippet":"max-snippet:-1","max-image-preview":"max-image-preview:large","max-video-preview":"max-video-preview:-1"},"canonical":"https:\/\/lamspa.it\/contatto\/","og_locale":"de_DE","og_type":"article","og_title":"LAM Spa | Informationen zur speziellen Produktion","og_description":"Setzen Sie sich mit uns in Verbindung, wenn Sie Fragen haben, Lieferungen w\u00fcnschen oder Informationen \u00fcber die Produktion von Kunststoffteilen w\u00fcnschen.","og_url":"https:\/\/lamspa.it\/contatto\/","og_site_name":"LAM Spa","article_publisher":"https:\/\/www.facebook.com\/wothersrl","article_modified_time":"2024-11-07T14:09:18+00:00","og_image":[{"width":343,"height":343,"url":"https:\/\/lamspa.it\/wp-content\/uploads\/2023\/09\/icon-map.png","type":"image\/png"}],"twitter_card":"summary_large_image","twitter_misc":{"Gesch\u00e4tzte Lesezeit":"1\u00a0Minute"},"schema":{"@context":"https:\/\/schema.org","@graph":[{"@type":"WebPage","@id":"https:\/\/lamspa.it\/contatto\/","url":"https:\/\/lamspa.it\/contatto\/","name":"LAM Spa | Informationen zur speziellen Produktion","isPartOf":{"@id":"https:\/\/lamspa.it\/#website"},"primaryImageOfPage":{"@id":"https:\/\/lamspa.it\/contatto\/#primaryimage"},"image":{"@id":"https:\/\/lamspa.it\/contatto\/#primaryimage"},"thumbnailUrl":"https:\/\/lamspa.it\/wp-content\/uploads\/2023\/09\/icon-map-300x300.png","datePublished":"2023-09-25T12:17:26+00:00","dateModified":"2024-11-07T14:09:18+00:00","description":"Setzen Sie sich mit uns in Verbindung, wenn Sie Fragen haben, Lieferungen w\u00fcnschen oder Informationen \u00fcber die Produktion von Kunststoffteilen w\u00fcnschen.","breadcrumb":{"@id":"https:\/\/lamspa.it\/contatto\/#breadcrumb"},"inLanguage":"de","potentialAction":[{"@type":"ReadAction","target":["https:\/\/lamspa.it\/contatto\/"]}]},{"@type":"ImageObject","inLanguage":"de","@id":"https:\/\/lamspa.it\/contatto\/#primaryimage","url":"https:\/\/lamspa.it\/wp-content\/uploads\/2023\/09\/icon-map-300x300.png","contentUrl":"https:\/\/lamspa.it\/wp-content\/uploads\/2023\/09\/icon-map-300x300.png"},{"@type":"BreadcrumbList","@id":"https:\/\/lamspa.it\/contatto\/#breadcrumb","itemListElement":[{"@type":"ListItem","position":1,"name":"Home","item":"https:\/\/lamspa.it\/"},{"@type":"ListItem","position":2,"name":"Kontakt"}]},{"@type":"WebSite","@id":"https:\/\/lamspa.it\/#website","url":"https:\/\/lamspa.it\/","name":"LAM Spa","description":"","publisher":{"@id":"https:\/\/lamspa.it\/#organization"},"potentialAction":[{"@type":"SearchAction","target":{"@type":"EntryPoint","urlTemplate":"https:\/\/lamspa.it\/?s={search_term_string}"},"query-input":{"@type":"PropertyValueSpecification","valueRequired":true,"valueName":"search_term_string"}}],"inLanguage":"de"},{"@type":"Organization","@id":"https:\/\/lamspa.it\/#organization","name":"Wother","url":"https:\/\/lamspa.it\/","logo":{"@type":"ImageObject","inLanguage":"de","@id":"https:\/\/lamspa.it\/#\/schema\/logo\/image\/","url":"https:\/\/lamspa.it\/wp-content\/uploads\/2021\/11\/cropped-favicon-1.png","contentUrl":"https:\/\/lamspa.it\/wp-content\/uploads\/2021\/11\/cropped-favicon-1.png","width":512,"height":512,"caption":"Wother"},"image":{"@id":"https:\/\/lamspa.it\/#\/schema\/logo\/image\/"},"sameAs":["https:\/\/www.facebook.com\/wothersrl"]}]}},"_links":{"self":[{"href":"https:\/\/lamspa.it\/de\/wp-json\/wp\/v2\/pages\/14609","targetHints":{"allow":["GET"]}}],"collection":[{"href":"https:\/\/lamspa.it\/de\/wp-json\/wp\/v2\/pages"}],"about":[{"href":"https:\/\/lamspa.it\/de\/wp-json\/wp\/v2\/types\/page"}],"author":[{"embeddable":true,"href":"https:\/\/lamspa.it\/de\/wp-json\/wp\/v2\/users\/19"}],"replies":[{"embeddable":true,"href":"https:\/\/lamspa.it\/de\/wp-json\/wp\/v2\/comments?post=14609"}],"version-history":[{"count":17,"href":"https:\/\/lamspa.it\/de\/wp-json\/wp\/v2\/pages\/14609\/revisions"}],"predecessor-version":[{"id":15391,"href":"https:\/\/lamspa.it\/de\/wp-json\/wp\/v2\/pages\/14609\/revisions\/15391"}],"wp:attachment":[{"href":"https:\/\/lamspa.it\/de\/wp-json\/wp\/v2\/media?parent=14609"}],"curies":[{"name":"wp","href":"https:\/\/api.w.org\/{rel}","templated":true}]}}